{"id":1730,"date":"2021-11-03T10:43:35","date_gmt":"2021-11-03T08:43:35","guid":{"rendered":"https:\/\/auditor.auditorscensors.com\/?page_id=1730"},"modified":"2021-11-03T10:43:37","modified_gmt":"2021-11-03T08:43:37","slug":"videos","status":"publish","type":"page","link":"https:\/\/auditor.auditorscensors.com\/en\/videos\/","title":{"rendered":"Videos"},"content":{"rendered":"\n<h1 class=\"max-width no-margin-top wp-block-heading\">Videos<\/h1>\n\n\n<div class=\"reflexions max-width padding-sides\">\n    <div class=\"wp-block-columns cols-3\"><div class=\"wp-block-column\">            <a href=\"https:\/\/youtu.be\/DLNY4U4hUn4\" target=\"_blank\" class=\"post-wrapper video\">\n                <div class=\"wp-block-image\">\n            <img width=\"640\" height=\"360\" src=\"https:\/\/auditor.auditorscensors.com\/wp-content\/uploads\/2024\/02\/Compromesos-V2.jpg\" class=\"attachment-post-thumbnail size-post-thumbnail wp-post-image\" alt=\"\" decoding=\"async\" loading=\"lazy\" srcset=\"https:\/\/auditor.auditorscensors.com\/wp-content\/uploads\/2024\/02\/Compromesos-V2.jpg 640w, https:\/\/auditor.auditorscensors.com\/wp-content\/uploads\/2024\/02\/Compromesos-V2-300x169.jpg 300w\" sizes=\"(max-width: 640px) 100vw, 640px\" \/>        <\/div>\n    \n    <div class=\"post-info\">\n        <div class=\"post-cat\"><p class=\"has-small-font-size\">#Youtube<\/p><\/div>        <p class=\"date has-small-font-size\">\n            26 de February de 2024        <\/p>\n    <\/div>\n    <div class=\"block-text\">\n        <p class=\"post-title\">\n            Compromesos amb un futur sostenible &#8211; part 2        <\/p>\n        <div class=\"autors\">\n                    <\/div>\n        <div class=\"icon\">\n                    <\/div>\n    <\/div>\n<\/a><\/div><div class=\"wp-block-column\">            <a href=\"https:\/\/youtu.be\/tPMUtFTOuTM\" target=\"_blank\" class=\"post-wrapper video\">\n                <div class=\"wp-block-image\">\n            <img width=\"640\" height=\"360\" src=\"https:\/\/auditor.auditorscensors.com\/wp-content\/uploads\/2024\/02\/Compromesos-V1.jpg\" class=\"attachment-post-thumbnail size-post-thumbnail wp-post-image\" alt=\"\" decoding=\"async\" loading=\"lazy\" srcset=\"https:\/\/auditor.auditorscensors.com\/wp-content\/uploads\/2024\/02\/Compromesos-V1.jpg 640w, https:\/\/auditor.auditorscensors.com\/wp-content\/uploads\/2024\/02\/Compromesos-V1-300x169.jpg 300w\" sizes=\"(max-width: 640px) 100vw, 640px\" \/>        <\/div>\n    \n    <div class=\"post-info\">\n        <div class=\"post-cat\"><p class=\"has-small-font-size\">#Youtube<\/p><\/div>        <p class=\"date has-small-font-size\">\n            26 de February de 2024        <\/p>\n    <\/div>\n    <div class=\"block-text\">\n        <p class=\"post-title\">\n            Compromesos amb un futur sostenible &#8211; part 1        <\/p>\n        <div class=\"autors\">\n                    <\/div>\n        <div class=\"icon\">\n                    <\/div>\n    <\/div>\n<\/a><\/div><div class=\"wp-block-column\">            <a href=\"https:\/\/youtu.be\/M4ZefNsRNKs\" target=\"_blank\" class=\"post-wrapper video\">\n                <div class=\"wp-block-image\">\n            <img width=\"854\" height=\"482\" src=\"https:\/\/auditor.auditorscensors.com\/wp-content\/uploads\/2023\/03\/Ajuts-organitzacio.jpg\" class=\"attachment-post-thumbnail size-post-thumbnail wp-post-image\" alt=\"\" decoding=\"async\" loading=\"lazy\" srcset=\"https:\/\/auditor.auditorscensors.com\/wp-content\/uploads\/2023\/03\/Ajuts-organitzacio.jpg 854w, https:\/\/auditor.auditorscensors.com\/wp-content\/uploads\/2023\/03\/Ajuts-organitzacio-300x169.jpg 300w, https:\/\/auditor.auditorscensors.com\/wp-content\/uploads\/2023\/03\/Ajuts-organitzacio-768x433.jpg 768w\" sizes=\"(max-width: 854px) 100vw, 854px\" \/>        <\/div>\n    \n    <div class=\"post-info\">\n        <div class=\"post-cat\"><p class=\"has-small-font-size\">#Youtube<\/p><\/div>        <p class=\"date has-small-font-size\">\n            29 de March de 2023        <\/p>\n    <\/div>\n    <div class=\"block-text\">\n        <p class=\"post-title\">\n            Ajuts a una organitzaci\u00f3 no lucrativa 2022        <\/p>\n        <div class=\"autors\">\n                    <\/div>\n        <div class=\"icon\">\n                    <\/div>\n    <\/div>\n<\/a><\/div><div class=\"wp-block-column\">            <a href=\"https:\/\/youtu.be\/QMk6W_D18Co\" target=\"_blank\" class=\"post-wrapper video\">\n                <div class=\"wp-block-image\">\n            <img width=\"1518\" height=\"836\" src=\"https:\/\/auditor.auditorscensors.com\/wp-content\/uploads\/2023\/03\/premio-transparencia-2023.jpg\" class=\"attachment-post-thumbnail size-post-thumbnail wp-post-image\" alt=\"\" decoding=\"async\" loading=\"lazy\" srcset=\"https:\/\/auditor.auditorscensors.com\/wp-content\/uploads\/2023\/03\/premio-transparencia-2023.jpg 1518w, https:\/\/auditor.auditorscensors.com\/wp-content\/uploads\/2023\/03\/premio-transparencia-2023-300x165.jpg 300w, https:\/\/auditor.auditorscensors.com\/wp-content\/uploads\/2023\/03\/premio-transparencia-2023-1024x564.jpg 1024w, https:\/\/auditor.auditorscensors.com\/wp-content\/uploads\/2023\/03\/premio-transparencia-2023-768x423.jpg 768w\" sizes=\"(max-width: 1518px) 100vw, 1518px\" \/>        <\/div>\n    \n    <div class=\"post-info\">\n        <div class=\"post-cat\"><p class=\"has-small-font-size\">#Youtube<\/p><\/div>        <p class=\"date has-small-font-size\">\n            29 de March de 2023        <\/p>\n    <\/div>\n    <div class=\"block-text\">\n        <p class=\"post-title\">\n            Premi a la millor comunicaci\u00f3 de temes relacionats amb la transparencia 2022        <\/p>\n        <div class=\"autors\">\n                    <\/div>\n        <div class=\"icon\">\n                    <\/div>\n    <\/div>\n<\/a><\/div><div class=\"wp-block-column\">            <a href=\"https:\/\/youtu.be\/WysywBMV-tg\" target=\"_blank\" class=\"post-wrapper video\">\n                <div class=\"wp-block-image\">\n            <img width=\"1518\" height=\"836\" src=\"https:\/\/auditor.auditorscensors.com\/wp-content\/uploads\/2023\/03\/premio-informacio-periodistica-2023.jpg\" class=\"attachment-post-thumbnail size-post-thumbnail wp-post-image\" alt=\"\" decoding=\"async\" loading=\"lazy\" srcset=\"https:\/\/auditor.auditorscensors.com\/wp-content\/uploads\/2023\/03\/premio-informacio-periodistica-2023.jpg 1518w, https:\/\/auditor.auditorscensors.com\/wp-content\/uploads\/2023\/03\/premio-informacio-periodistica-2023-300x165.jpg 300w, https:\/\/auditor.auditorscensors.com\/wp-content\/uploads\/2023\/03\/premio-informacio-periodistica-2023-1024x564.jpg 1024w, https:\/\/auditor.auditorscensors.com\/wp-content\/uploads\/2023\/03\/premio-informacio-periodistica-2023-768x423.jpg 768w\" sizes=\"(max-width: 1518px) 100vw, 1518px\" \/>        <\/div>\n    \n    <div class=\"post-info\">\n        <div class=\"post-cat\"><p class=\"has-small-font-size\">#Youtube<\/p><\/div>        <p class=\"date has-small-font-size\">\n            29 de March de 2023        <\/p>\n    <\/div>\n    <div class=\"block-text\">\n        <p class=\"post-title\">\n            Premi a la millor informaci\u00f3 period\u00edstica sobre auditoria i informaci\u00f3 financera 2022        <\/p>\n        <div class=\"autors\">\n                    <\/div>\n        <div class=\"icon\">\n                    <\/div>\n    <\/div>\n<\/a><\/div><div class=\"wp-block-column\">            <a href=\"https:\/\/youtu.be\/C2fxDSOg0Jg\" target=\"_blank\" class=\"post-wrapper video\">\n                <div class=\"wp-block-image\">\n            <img width=\"1518\" height=\"836\" src=\"https:\/\/auditor.auditorscensors.com\/wp-content\/uploads\/2023\/03\/dia-dona-2023.jpg\" class=\"attachment-post-thumbnail size-post-thumbnail wp-post-image\" alt=\"\" decoding=\"async\" loading=\"lazy\" srcset=\"https:\/\/auditor.auditorscensors.com\/wp-content\/uploads\/2023\/03\/dia-dona-2023.jpg 1518w, https:\/\/auditor.auditorscensors.com\/wp-content\/uploads\/2023\/03\/dia-dona-2023-300x165.jpg 300w, https:\/\/auditor.auditorscensors.com\/wp-content\/uploads\/2023\/03\/dia-dona-2023-1024x564.jpg 1024w, https:\/\/auditor.auditorscensors.com\/wp-content\/uploads\/2023\/03\/dia-dona-2023-768x423.jpg 768w\" sizes=\"(max-width: 1518px) 100vw, 1518px\" \/>        <\/div>\n    \n    <div class=\"post-info\">\n        <div class=\"post-cat\"><p class=\"has-small-font-size\">#Youtube<\/p><\/div>        <p class=\"date has-small-font-size\">\n            9 de March de 2023        <\/p>\n    <\/div>\n    <div class=\"block-text\">\n        <p class=\"post-title\">\n            #SomAuditores        <\/p>\n        <div class=\"autors\">\n                    <\/div>\n        <div class=\"icon\">\n                    <\/div>\n    <\/div>\n<\/a><\/div><div class=\"wp-block-column\">            <a href=\"https:\/\/youtu.be\/5W0RsA6RNcc\" target=\"_blank\" class=\"post-wrapper video\">\n                <div class=\"wp-block-image\">\n            <img width=\"1518\" height=\"836\" src=\"https:\/\/auditor.auditorscensors.com\/wp-content\/uploads\/2022\/06\/Estados-no-financieros-video.jpg\" class=\"attachment-post-thumbnail size-post-thumbnail wp-post-image\" alt=\"\" decoding=\"async\" loading=\"lazy\" srcset=\"https:\/\/auditor.auditorscensors.com\/wp-content\/uploads\/2022\/06\/Estados-no-financieros-video.jpg 1518w, https:\/\/auditor.auditorscensors.com\/wp-content\/uploads\/2022\/06\/Estados-no-financieros-video-300x165.jpg 300w, https:\/\/auditor.auditorscensors.com\/wp-content\/uploads\/2022\/06\/Estados-no-financieros-video-1024x564.jpg 1024w, https:\/\/auditor.auditorscensors.com\/wp-content\/uploads\/2022\/06\/Estados-no-financieros-video-768x423.jpg 768w\" sizes=\"(max-width: 1518px) 100vw, 1518px\" \/>        <\/div>\n    \n    <div class=\"post-info\">\n        <div class=\"post-cat\"><p class=\"has-small-font-size\">#Youtube<\/p><\/div>        <p class=\"date has-small-font-size\">\n            21 de June de 2022        <\/p>\n    <\/div>\n    <div class=\"block-text\">\n        <p class=\"post-title\">\n            Estudio sobre las tendencias en los estados de informaci\u00f3n no financiera        <\/p>\n        <div class=\"autors\">\n                    <\/div>\n        <div class=\"icon\">\n                    <\/div>\n    <\/div>\n<\/a><\/div><div class=\"wp-block-column\">            <a href=\"https:\/\/www.youtube.com\/watch?v=vBzP31f8gHA&t=19s\" target=\"_blank\" class=\"post-wrapper video\">\n                <div class=\"wp-block-image\">\n            <img width=\"1518\" height=\"836\" src=\"https:\/\/auditor.auditorscensors.com\/wp-content\/uploads\/2022\/03\/Dia-internacional-dona.jpg\" class=\"attachment-post-thumbnail size-post-thumbnail wp-post-image\" alt=\"\" decoding=\"async\" loading=\"lazy\" srcset=\"https:\/\/auditor.auditorscensors.com\/wp-content\/uploads\/2022\/03\/Dia-internacional-dona.jpg 1518w, https:\/\/auditor.auditorscensors.com\/wp-content\/uploads\/2022\/03\/Dia-internacional-dona-300x165.jpg 300w, https:\/\/auditor.auditorscensors.com\/wp-content\/uploads\/2022\/03\/Dia-internacional-dona-1024x564.jpg 1024w, https:\/\/auditor.auditorscensors.com\/wp-content\/uploads\/2022\/03\/Dia-internacional-dona-768x423.jpg 768w\" sizes=\"(max-width: 1518px) 100vw, 1518px\" \/>        <\/div>\n    \n    <div class=\"post-info\">\n        <div class=\"post-cat\"><p class=\"has-small-font-size\">#Youtube<\/p><\/div>        <p class=\"date has-small-font-size\">\n            8 de March de 2022        <\/p>\n    <\/div>\n    <div class=\"block-text\">\n        <p class=\"post-title\">\n            #8MSomAuditores        <\/p>\n        <div class=\"autors\">\n                    <\/div>\n        <div class=\"icon\">\n                    <\/div>\n    <\/div>\n<\/a><\/div><div class=\"wp-block-column\">            <a href=\"https:\/\/youtu.be\/k38abCg572M\" target=\"_blank\" class=\"post-wrapper video\">\n                <div class=\"wp-block-image\">\n            <img width=\"1518\" height=\"836\" src=\"https:\/\/auditor.auditorscensors.com\/wp-content\/uploads\/2022\/02\/Premi-millor-informacio-economica-dauditoria.jpg\" class=\"attachment-post-thumbnail size-post-thumbnail wp-post-image\" alt=\"\" decoding=\"async\" loading=\"lazy\" srcset=\"https:\/\/auditor.auditorscensors.com\/wp-content\/uploads\/2022\/02\/Premi-millor-informacio-economica-dauditoria.jpg 1518w, https:\/\/auditor.auditorscensors.com\/wp-content\/uploads\/2022\/02\/Premi-millor-informacio-economica-dauditoria-300x165.jpg 300w, https:\/\/auditor.auditorscensors.com\/wp-content\/uploads\/2022\/02\/Premi-millor-informacio-economica-dauditoria-1024x564.jpg 1024w, https:\/\/auditor.auditorscensors.com\/wp-content\/uploads\/2022\/02\/Premi-millor-informacio-economica-dauditoria-768x423.jpg 768w\" sizes=\"(max-width: 1518px) 100vw, 1518px\" \/>        <\/div>\n    \n    <div class=\"post-info\">\n        <div class=\"post-cat\"><p class=\"has-small-font-size\">#Youtube<\/p><\/div>        <p class=\"date has-small-font-size\">\n            24 de February de 2022        <\/p>\n    <\/div>\n    <div class=\"block-text\">\n        <p class=\"post-title\">\n            Premi a la millor informaci\u00f3 period\u00edstica sobre auditoria i informaci\u00f3n financera 2021        <\/p>\n        <div class=\"autors\">\n                    <\/div>\n        <div class=\"icon\">\n                    <\/div>\n    <\/div>\n<\/a><\/div><\/div><div class=\"pagination\"><span aria-current=\"page\" class=\"page-numbers current\">1<\/span>\n<a class=\"page-numbers\" href=\"https:\/\/auditor.auditorscensors.com\/en\/wp-json\/wp\/v2\/pages\/1730\/page\/2\/\">2<\/a>\n<a class=\"page-numbers\" href=\"https:\/\/auditor.auditorscensors.com\/en\/wp-json\/wp\/v2\/pages\/1730\/page\/3\/\">3<\/a>\n<a class=\"next page-numbers\" href=\"https:\/\/auditor.auditorscensors.com\/en\/wp-json\/wp\/v2\/pages\/1730\/page\/2\/\">Next &raquo;<\/a><\/div><\/div>\n\n\n\n<p><\/p>\n","protected":false},"excerpt":{"rendered":"<p>Videos<\/p>\n","protected":false},"author":1,"featured_media":0,"parent":0,"menu_order":0,"comment_status":"closed","ping_status":"closed","template":"","meta":{"advgb_blocks_editor_width":"","advgb_blocks_columns_visual_guide":"","_editorskit_title_hidden":false,"_editorskit_reading_time":0,"_editorskit_typography_data":[],"_editorskit_blocks_typography":"","_editorskit_is_block_options_detached":false,"_editorskit_block_options_position":"{}"},"coauthors":[],"author_meta":{"author_link":"https:\/\/auditor.auditorscensors.com\/en\/author\/doc_auditorscensors\/","display_name":"doc_auditorscensors"},"relative_dates":{"created":"Posted 5 years ago","modified":"Updated 5 years ago"},"absolute_dates":{"created":"Posted on 3 de November de 2021","modified":"Updated on 3 de November de 2021"},"absolute_dates_time":{"created":"Posted on 3 de November de 2021 10:43","modified":"Updated on 3 de November de 2021 10:43"},"featured_img_caption":"","_links":{"self":[{"href":"https:\/\/auditor.auditorscensors.com\/en\/wp-json\/wp\/v2\/pages\/1730"}],"collection":[{"href":"https:\/\/auditor.auditorscensors.com\/en\/wp-json\/wp\/v2\/pages"}],"about":[{"href":"https:\/\/auditor.auditorscensors.com\/en\/wp-json\/wp\/v2\/types\/page"}],"author":[{"embeddable":true,"href":"https:\/\/auditor.auditorscensors.com\/en\/wp-json\/wp\/v2\/users\/1"}],"replies":[{"embeddable":true,"href":"https:\/\/auditor.auditorscensors.com\/en\/wp-json\/wp\/v2\/comments?post=1730"}],"version-history":[{"count":1,"href":"https:\/\/auditor.auditorscensors.com\/en\/wp-json\/wp\/v2\/pages\/1730\/revisions"}],"predecessor-version":[{"id":1731,"href":"https:\/\/auditor.auditorscensors.com\/en\/wp-json\/wp\/v2\/pages\/1730\/revisions\/1731"}],"wp:attachment":[{"href":"https:\/\/auditor.auditorscensors.com\/en\/wp-json\/wp\/v2\/media?parent=1730"}],"curies":[{"name":"wp","href":"https:\/\/api.w.org\/{rel}","templated":true}]}}